{"id":1938,"date":"2024-03-19T22:11:55","date_gmt":"2024-03-19T22:11:55","guid":{"rendered":"https:\/\/taihelovepods.com\/?page_id=1938"},"modified":"2024-03-21T16:11:13","modified_gmt":"2024-03-21T16:11:13","slug":"terms","status":"publish","type":"page","link":"https:\/\/taihelovepods.com\/pt\/terms\/","title":{"rendered":"Termos e Condi\u00e7\u00f5es de Uso"},"content":{"rendered":"<div data-elementor-type=\"wp-page\" data-elementor-id=\"1938\" class=\"elementor elementor-1938\" data-elementor-post-type=\"page\">\n\t\t\t\t\t\t<section class=\"elementor-section elementor-top-section elementor-element elementor-element-9373f10 elementor-section-boxed elementor-section-height-default elementor-section-height-default\" data-id=\"9373f10\" data-element_type=\"section\">\n\t\t\t\t\t\t<div class=\"elementor-container elementor-column-gap-default\">\n\t\t\t\t\t<div class=\"elementor-column elementor-col-100 elementor-top-column elementor-element elementor-element-9756d2c\" data-id=\"9756d2c\" data-element_type=\"column\">\n\t\t\t<div class=\"elementor-widget-wrap elementor-element-populated\">\n\t\t\t\t\t\t<div class=\"elementor-element elementor-element-774d7ed elementor-widget elementor-widget-text-editor\" data-id=\"774d7ed\" data-element_type=\"widget\" data-widget_type=\"text-editor.default\">\n\t\t\t\t<div class=\"elementor-widget-container\">\n\t\t\t\t\t\t\t\t\t<p>\u00daltima atualiza\u00e7\u00e3o: 15 de novembro de 2023<\/p>\n<p><!-- \/wp:paragraph --><!-- wp:paragraph --><\/p>\n<p>Leia estes Termos e Condi\u00e7\u00f5es (\u201cTermos\u201d, \u201cTermos e Condi\u00e7\u00f5es\u201d) cuidadosamente antes de usar o site https:\/\/taihelovepods.com\/ (o \u201cServi\u00e7o\u201d) operado pela TAI HE TRUST (\u201cn\u00f3s\u201d, \u201cnos\u201d ou \u201cnosso\u201d).<\/p>\n<p><!-- \/wp:paragraph --><!-- wp:paragraph --><\/p>\n<p>Seu acesso e uso do Servi\u00e7o est\u00e3o condicionados \u00e0 sua aceita\u00e7\u00e3o e conformidade com estes Termos. Estes Termos se aplicam a todos os visitantes, usu\u00e1rios e outros que desejam acessar ou usar o Servi\u00e7o.<\/p>\n<p><!-- \/wp:paragraph --><!-- wp:paragraph --><\/p>\n<p>Ao acessar ou usar o Servi\u00e7o, voc\u00ea concorda em ficar vinculado a estes Termos. Se voc\u00ea discordar de qualquer parte dos termos, ent\u00e3o voc\u00ea n\u00e3o tem permiss\u00e3o para acessar o Servi\u00e7o.<\/p>\n<p><!-- \/wp:paragraph --><!-- wp:heading --><\/p>\n<h2><em>Compras<\/em><\/h2>\n<p><!-- \/wp:heading --><!-- wp:paragraph --><\/p>\n<p>Se voc\u00ea deseja comprar qualquer produto ou servi\u00e7o disponibilizado por meio do Servi\u00e7o (\u201cCompra\u201d), poder\u00e1 ser solicitado que voc\u00ea forne\u00e7a certas informa\u00e7\u00f5es relevantes para sua Compra, incluindo, sem limita\u00e7\u00e3o, o n\u00famero do seu cart\u00e3o de cr\u00e9dito, a data de validade do seu cart\u00e3o de cr\u00e9dito, seu endere\u00e7o de cobran\u00e7a e suas informa\u00e7\u00f5es de envio.<\/p>\n<p><!-- \/wp:paragraph --><!-- wp:paragraph --><\/p>\n<p>Voc\u00ea declara e garante que: (i) voc\u00ea tem o direito legal de usar qualquer cart\u00e3o de cr\u00e9dito ou outro m\u00e9todo de pagamento em conex\u00e3o com qualquer Compra; e que (ii) as informa\u00e7\u00f5es que voc\u00ea nos fornece s\u00e3o verdadeiras, corretas e completas.<\/p>\n<p><!-- \/wp:paragraph --><!-- wp:paragraph --><\/p>\n<p>O servi\u00e7o pode empregar o uso de servi\u00e7os de terceiros com a finalidade de facilitar o pagamento e a conclus\u00e3o de Compras. Ao enviar suas informa\u00e7\u00f5es, voc\u00ea nos concede o direito de fornecer as informa\u00e7\u00f5es a esses terceiros sujeitos \u00e0 nossa Pol\u00edtica de Privacidade.<\/p>\n<p><!-- \/wp:paragraph --><!-- wp:paragraph --><\/p>\n<p>Reservamo-nos o direito de recusar ou cancelar seu pedido a qualquer momento por motivos que incluem, mas n\u00e3o se limitam a: disponibilidade do produto ou servi\u00e7o, erros na descri\u00e7\u00e3o ou pre\u00e7o do produto ou servi\u00e7o, erro em seu pedido ou outros motivos.<\/p>\n<p><!-- \/wp:paragraph --><!-- wp:paragraph --><\/p>\n<p>Reservamo-nos o direito de recusar ou cancelar seu pedido caso haja suspeita de fraude ou transa\u00e7\u00e3o n\u00e3o autorizada ou ilegal.<\/p>\n<p><!-- \/wp:paragraph --><!-- wp:heading --><\/p>\n<h2><em>Disponibilidade, Erros e Imprecis\u00f5es<\/em><\/h2>\n<p><!-- \/wp:heading --><!-- wp:paragraph --><\/p>\n<p>Estamos constantemente atualizando ofertas de produtos e servi\u00e7os no Servi\u00e7o. Podemos ter atrasos na atualiza\u00e7\u00e3o de informa\u00e7\u00f5es no Servi\u00e7o e em nossa publicidade em outros sites. As informa\u00e7\u00f5es encontradas no Servi\u00e7o podem conter erros ou imprecis\u00f5es e podem n\u00e3o estar completas ou atualizadas. Produtos ou servi\u00e7os podem ter pre\u00e7os incorretos, serem descritos de forma imprecisa ou estar indispon\u00edveis no Servi\u00e7o e n\u00e3o podemos garantir a precis\u00e3o ou integridade de nenhuma informa\u00e7\u00e3o encontrada no Servi\u00e7o.<\/p>\n<p><!-- \/wp:paragraph --><!-- wp:paragraph --><\/p>\n<p>Portanto, reservamo-nos o direito de alterar ou atualizar informa\u00e7\u00f5es e corrigir erros, imprecis\u00f5es ou omiss\u00f5es a qualquer momento, sem aviso pr\u00e9vio.<\/p>\n<p><!-- \/wp:paragraph --><!-- wp:heading --><\/p>\n<h2><em>Propriedade intelectual<\/em><\/h2>\n<p><!-- \/wp:heading --><!-- wp:paragraph --><\/p>\n<p>O Servi\u00e7o e seu conte\u00fado original, recursos e funcionalidades s\u00e3o e permanecer\u00e3o propriedade exclusiva da TAI HE TRUST e seus licenciadores. Nossas marcas registradas e identidade visual comercial n\u00e3o podem ser usadas em conex\u00e3o com nenhum produto ou servi\u00e7o sem o consentimento pr\u00e9vio por escrito da TAI HE TRUST.<\/p>\n<p><!-- \/wp:paragraph --><!-- wp:heading --><\/p>\n<h2><em>Links para outros sites<\/em><\/h2>\n<p><!-- \/wp:heading --><!-- wp:paragraph --><\/p>\n<p>Nosso Servi\u00e7o pode conter links para sites ou servi\u00e7os de terceiros que n\u00e3o s\u00e3o de propriedade ou controlados pela TAI HE TRUST.<\/p>\n<p><!-- \/wp:paragraph --><!-- wp:paragraph --><\/p>\n<p>A TAI HE TRUST n\u00e3o tem controle sobre, e n\u00e3o assume nenhuma responsabilidade pelo conte\u00fado, pol\u00edticas de privacidade ou pr\u00e1ticas de quaisquer sites ou servi\u00e7os de terceiros. N\u00e3o garantimos as ofertas de nenhuma dessas entidades\/indiv\u00edduos ou seus sites.<\/p>\n<p><!-- \/wp:paragraph --><!-- wp:paragraph --><\/p>\n<p>Voc\u00ea reconhece e concorda que a TAI HE TRUST n\u00e3o ser\u00e1 respons\u00e1vel, direta ou indiretamente, por quaisquer danos ou perdas causados \u200b\u200bou supostamente causados \u200b\u200bpor ou em conex\u00e3o com o uso ou confian\u00e7a em qualquer conte\u00fado, bens ou servi\u00e7os dispon\u00edveis em ou por meio de quaisquer sites ou servi\u00e7os de terceiros.<\/p>\n<p><!-- \/wp:paragraph --><!-- wp:paragraph --><\/p>\n<p>Recomendamos fortemente que voc\u00ea leia os termos e condi\u00e7\u00f5es e as pol\u00edticas de privacidade de quaisquer sites ou servi\u00e7os de terceiros que voc\u00ea visitar.<\/p>\n<p><!-- \/wp:paragraph --><!-- wp:heading --><\/p>\n<h2><em>Rescis\u00e3o<\/em><\/h2>\n<p><!-- \/wp:heading --><!-- wp:paragraph --><\/p>\n<p>Podemos rescindir ou suspender seu acesso ao Servi\u00e7o imediatamente, sem aviso pr\u00e9vio ou responsabilidade, a nosso exclusivo crit\u00e9rio, por qualquer motivo e sem limita\u00e7\u00e3o, incluindo, mas n\u00e3o se limitando a, uma viola\u00e7\u00e3o dos Termos.<\/p>\n<p><!-- \/wp:paragraph --><!-- wp:paragraph --><\/p>\n<p>Todas as disposi\u00e7\u00f5es dos Termos que, por sua natureza, devam sobreviver \u00e0 rescis\u00e3o, sobreviver\u00e3o \u00e0 rescis\u00e3o, incluindo, sem limita\u00e7\u00e3o, disposi\u00e7\u00f5es de propriedade, isen\u00e7\u00f5es de garantia, indeniza\u00e7\u00e3o e limita\u00e7\u00f5es de responsabilidade.<\/p>\n<p><!-- \/wp:paragraph --><!-- wp:heading --><\/p>\n<h2><em>Indeniza\u00e7\u00e3o<\/em><\/h2>\n<p><!-- \/wp:heading --><!-- wp:paragraph --><\/p>\n<p>Voc\u00ea concorda em defender, indenizar e isentar de responsabilidade a TAI HE TRUST e seus licenciados e licenciadores, e seus funcion\u00e1rios, contratados, agentes, executivos e diretores, de e contra todas e quaisquer reivindica\u00e7\u00f5es, danos, obriga\u00e7\u00f5es, perdas, responsabilidades, custos ou d\u00edvidas e despesas (incluindo, mas n\u00e3o se limitando a honor\u00e1rios advocat\u00edcios), resultantes ou decorrentes de a) seu uso e acesso ao Servi\u00e7o, ou b) uma viola\u00e7\u00e3o destes Termos.<\/p>\n<p><!-- \/wp:paragraph --><!-- wp:heading --><\/p>\n<h2><em>Limita\u00e7\u00e3o de responsabilidade<\/em><\/h2>\n<p><!-- \/wp:heading --><!-- wp:paragraph --><\/p>\n<p>Em nenhuma hip\u00f3tese a TAI HE TRUST, nem seus diretores, funcion\u00e1rios, parceiros, agentes, fornecedores ou afiliados ser\u00e3o respons\u00e1veis \u200b\u200bpor quaisquer danos indiretos, incidentais, especiais, consequenciais ou punitivos, incluindo, sem limita\u00e7\u00e3o, perda de lucros, dados, uso, \u00e1gio ou outras perdas intang\u00edveis, resultantes de (i) seu acesso ou uso ou incapacidade de acessar ou usar o Servi\u00e7o; (ii) qualquer conduta ou conte\u00fado de terceiros no Servi\u00e7o; (iii) qualquer conte\u00fado obtido do Servi\u00e7o; e (iv) acesso, uso ou altera\u00e7\u00e3o n\u00e3o autorizados de suas transmiss\u00f5es ou conte\u00fado, seja com base em garantia, contrato, ato il\u00edcito (incluindo neglig\u00eancia) ou qualquer outra teoria legal, independentemente de termos sido informados ou n\u00e3o da possibilidade de tais danos, e mesmo se uma solu\u00e7\u00e3o aqui estabelecida n\u00e3o tiver cumprido seu prop\u00f3sito essencial.<\/p>\n<p><!-- \/wp:paragraph --><!-- wp:heading --><\/p>\n<h2><em>Isen\u00e7\u00e3o de responsabilidade<\/em><\/h2>\n<p><!-- \/wp:heading --><!-- wp:paragraph --><\/p>\n<p>O uso do Servi\u00e7o \u00e9 por sua conta e risco. O Servi\u00e7o \u00e9 fornecido \"COMO EST\u00c1\" e \"CONFORME DISPON\u00cdVEL\". O Servi\u00e7o \u00e9 fornecido sem garantias de qualquer tipo, expressas ou impl\u00edcitas, incluindo, mas n\u00e3o se limitando a, garantias impl\u00edcitas de comercializa\u00e7\u00e3o, adequa\u00e7\u00e3o a uma finalidade espec\u00edfica, n\u00e3o viola\u00e7\u00e3o ou curso de desempenho.<\/p>\n<p><!-- \/wp:paragraph --><!-- wp:paragraph --><\/p>\n<p>A TAI HE TRUST, suas subsidi\u00e1rias, afiliadas e seus licenciadores n\u00e3o garantem que a) o Servi\u00e7o funcionar\u00e1 ininterruptamente, de forma segura ou estar\u00e1 dispon\u00edvel em qualquer momento ou local espec\u00edfico; b) quaisquer erros ou defeitos ser\u00e3o corrigidos; c) os Servi\u00e7os de terceiros estar\u00e3o livres de problemas; ou d) os resultados do uso do Servi\u00e7o atender\u00e3o \u00e0s suas necessidades.<\/p>\n<p><!-- \/wp:paragraph --><!-- wp:heading --><\/p>\n<h2><em>Exclus\u00f5es<\/em><\/h2>\n<p><!-- \/wp:heading --><!-- wp:paragraph --><\/p>\n<p>Algumas jurisdi\u00e7\u00f5es n\u00e3o permitem a exclus\u00e3o de certas garantias ou a exclus\u00e3o ou limita\u00e7\u00e3o de responsabilidade por danos consequentes ou incidentais, portanto, as limita\u00e7\u00f5es acima podem n\u00e3o se aplicar a voc\u00ea.<\/p>\n<p><!-- \/wp:paragraph --><!-- wp:heading --><\/p>\n<h2><em>Lei aplic\u00e1vel<\/em><\/h2>\n<p><!-- \/wp:heading --><!-- wp:paragraph --><\/p>\n<p>Estes Termos ser\u00e3o regidos e interpretados de acordo com as leis de Wyoming, Estados Unidos, sem levar em considera\u00e7\u00e3o suas disposi\u00e7\u00f5es sobre conflito de leis.<\/p>\n<p><!-- \/wp:paragraph --><!-- wp:paragraph --><\/p>\n<p>Nossa falha em fazer cumprir qualquer direito ou disposi\u00e7\u00e3o destes Termos n\u00e3o ser\u00e1 considerada uma ren\u00fancia a esses direitos. Se qualquer disposi\u00e7\u00e3o destes Termos for considerada inv\u00e1lida ou inexequ\u00edvel por um tribunal, as disposi\u00e7\u00f5es restantes destes Termos permanecer\u00e3o em vigor. Estes Termos constituem o acordo integral entre n\u00f3s em rela\u00e7\u00e3o ao nosso Servi\u00e7o e substituem e substituem quaisquer acordos anteriores que possamos ter tido entre n\u00f3s em rela\u00e7\u00e3o ao Servi\u00e7o.<\/p>\n<p><!-- \/wp:paragraph --><!-- wp:heading --><\/p>\n<h2><em>Mudan\u00e7as<\/em><\/h2>\n<p><!-- \/wp:heading --><!-- wp:paragraph --><\/p>\n<p>Reservamo-nos o direito, a nosso exclusivo crit\u00e9rio, de modificar ou substituir estes Termos a qualquer momento.<\/p>\n<p><!-- \/wp:paragraph --><!-- wp:paragraph --><\/p>\n<p>Ao continuar a acessar ou usar nosso Servi\u00e7o ap\u00f3s quaisquer revis\u00f5es se tornarem efetivas, voc\u00ea concorda em ficar vinculado aos termos revisados. Se voc\u00ea n\u00e3o concordar com os novos termos, n\u00e3o estar\u00e1 mais autorizado a usar o Servi\u00e7o.<\/p>\n<p><!-- \/wp:paragraph --><!-- wp:heading --><\/p>\n<h2><em>Contate-nos<\/em><\/h2>\n<p><!-- \/wp:heading --><!-- wp:paragraph --><\/p>\n<p>Se voc\u00ea tiver alguma d\u00favida sobre estes Termos, entre em contato conosco pelo e-mail admin@taihelovepods.com<\/p>\t\t\t\t\t\t\t\t<\/div>\n\t\t\t\t<\/div>\n\t\t\t\t\t<\/div>\n\t\t<\/div>\n\t\t\t\t\t<\/div>\n\t\t<\/section>\n\t\t\t\t<\/div>","protected":false},"excerpt":{"rendered":"<p>Last updated: November 15, 2023 Please read these Terms and Conditions (&#8220;Terms&#8221;, &#8220;Terms and Conditions&#8221;) carefully before using the https:\/\/taihelovepods.com\/ website (the &#8220;Service&#8221;) operated by TAI HE TRUST (&#8220;us&#8221;, &#8220;we&#8221;, or &#8220;our&#8221;). Your access to and use of the Service is conditioned upon your acceptance of and compliance with these Terms. These Terms apply to [&hellip;]<\/p>","protected":false},"author":99,"featured_media":0,"parent":0,"menu_order":0,"comment_status":"closed","ping_status":"closed","template":"","meta":{"footnotes":""},"class_list":["post-1938","page","type-page","status-publish","hentry"],"_links":{"self":[{"href":"https:\/\/taihelovepods.com\/pt\/wp-json\/wp\/v2\/pages\/1938","targetHints":{"allow":["GET"]}}],"collection":[{"href":"https:\/\/taihelovepods.com\/pt\/wp-json\/wp\/v2\/pages"}],"about":[{"href":"https:\/\/taihelovepods.com\/pt\/wp-json\/wp\/v2\/types\/page"}],"author":[{"embeddable":true,"href":"https:\/\/taihelovepods.com\/pt\/wp-json\/wp\/v2\/users\/99"}],"replies":[{"embeddable":true,"href":"https:\/\/taihelovepods.com\/pt\/wp-json\/wp\/v2\/comments?post=1938"}],"version-history":[{"count":11,"href":"https:\/\/taihelovepods.com\/pt\/wp-json\/wp\/v2\/pages\/1938\/revisions"}],"predecessor-version":[{"id":1986,"href":"https:\/\/taihelovepods.com\/pt\/wp-json\/wp\/v2\/pages\/1938\/revisions\/1986"}],"wp:attachment":[{"href":"https:\/\/taihelovepods.com\/pt\/wp-json\/wp\/v2\/media?parent=1938"}],"curies":[{"name":"wp","href":"https:\/\/api.w.org\/{rel}","templated":true}]}}