{"id":99,"date":"2023-11-01T10:41:17","date_gmt":"2023-11-01T10:41:17","guid":{"rendered":"https:\/\/taihelovepods.com\/?page_id=99"},"modified":"2024-06-25T02:16:20","modified_gmt":"2024-06-25T02:16:20","slug":"about","status":"publish","type":"page","link":"https:\/\/taihelovepods.com\/pt\/about\/","title":{"rendered":"Sobre"},"content":{"rendered":"<div data-elementor-type=\"wp-page\" data-elementor-id=\"99\" class=\"elementor elementor-99\" data-elementor-post-type=\"page\">\n\t\t\t\t\t\t<section class=\"elementor-section elementor-top-section elementor-element elementor-element-4e51abd elementor-section-height-min-height elementor-section-boxed elementor-section-height-default elementor-section-items-middle\" data-id=\"4e51abd\" data-element_type=\"section\" data-settings=\"{&quot;background_background&quot;:&quot;classic&quot;}\">\n\t\t\t\t\t\t\t<div class=\"elementor-background-overlay\"><\/div>\n\t\t\t\t\t\t\t<div class=\"elementor-container elementor-column-gap-default\">\n\t\t\t\t\t<div class=\"elementor-column elementor-col-50 elementor-top-column elementor-element elementor-element-3204c05\" data-id=\"3204c05\" data-element_type=\"column\">\n\t\t\t<div class=\"elementor-widget-wrap elementor-element-populated\">\n\t\t\t\t\t\t<div class=\"elementor-element elementor-element-3aa3b6f elementor-widget elementor-widget-image\" data-id=\"3aa3b6f\" data-element_type=\"widget\" data-widget_type=\"image.default\">\n\t\t\t\t<div class=\"elementor-widget-container\">\n\t\t\t\t\t\t\t\t\t\t\t\t\t\t\t<img fetchpriority=\"high\" decoding=\"async\" width=\"179\" height=\"374\" src=\"https:\/\/taihelovepods.com\/wp-content\/uploads\/2024\/06\/LOVE-POD-Image-new3.png\" class=\"attachment-large size-large wp-image-2520\" alt=\"\" srcset=\"https:\/\/taihelovepods.com\/wp-content\/uploads\/2024\/06\/LOVE-POD-Image-new3.png 179w, https:\/\/taihelovepods.com\/wp-content\/uploads\/2024\/06\/LOVE-POD-Image-new3-144x300.png 144w\" sizes=\"(max-width: 179px) 100vw, 179px\" \/>\t\t\t\t\t\t\t\t\t\t\t\t\t\t\t<\/div>\n\t\t\t\t<\/div>\n\t\t\t\t<div class=\"elementor-element elementor-element-023063d elementor-widget elementor-widget-image\" data-id=\"023063d\" data-element_type=\"widget\" data-widget_type=\"image.default\">\n\t\t\t\t<div class=\"elementor-widget-container\">\n\t\t\t\t\t\t\t\t\t\t\t\t\t\t\t<img decoding=\"async\" width=\"700\" height=\"1024\" src=\"https:\/\/taihelovepods.com\/wp-content\/uploads\/2023\/11\/love-phone-heart-700x1024.png\" class=\"attachment-large size-large wp-image-202\" alt=\"\" srcset=\"https:\/\/taihelovepods.com\/wp-content\/uploads\/2023\/11\/love-phone-heart-700x1024.png 700w, https:\/\/taihelovepods.com\/wp-content\/uploads\/2023\/11\/love-phone-heart-600x878.png 600w, https:\/\/taihelovepods.com\/wp-content\/uploads\/2023\/11\/love-phone-heart-205x300.png 205w, https:\/\/taihelovepods.com\/wp-content\/uploads\/2023\/11\/love-phone-heart-768x1124.png 768w, https:\/\/taihelovepods.com\/wp-content\/uploads\/2023\/11\/love-phone-heart-1049x1536.png 1049w, https:\/\/taihelovepods.com\/wp-content\/uploads\/2023\/11\/love-phone-heart.png 1093w\" sizes=\"(max-width: 700px) 100vw, 700px\" \/>\t\t\t\t\t\t\t\t\t\t\t\t\t\t\t<\/div>\n\t\t\t\t<\/div>\n\t\t\t\t\t<\/div>\n\t\t<\/div>\n\t\t\t\t<div class=\"elementor-column elementor-col-50 elementor-top-column elementor-element elementor-element-c2555ab\" data-id=\"c2555ab\" data-element_type=\"column\">\n\t\t\t<div class=\"elementor-widget-wrap elementor-element-populated\">\n\t\t\t\t\t\t<div class=\"elementor-element elementor-element-f247550 elementor-widget elementor-widget-heading\" data-id=\"f247550\" data-element_type=\"widget\" data-widget_type=\"heading.default\">\n\t\t\t\t<div class=\"elementor-widget-container\">\n\t\t\t\t\t<h2 class=\"elementor-heading-title elementor-size-default\">Sobre os Pods<\/h2>\t\t\t\t<\/div>\n\t\t\t\t<\/div>\n\t\t\t\t<div class=\"elementor-element elementor-element-f5f634c elementor-widget elementor-widget-text-editor\" data-id=\"f5f634c\" data-element_type=\"widget\" data-widget_type=\"text-editor.default\">\n\t\t\t\t<div class=\"elementor-widget-container\">\n\t\t\t\t\t\t\t\t\t<p>Esta \u00e9 uma tecnologia desenvolvida pelas Primeiras Na\u00e7\u00f5es, originalmente projetada com o prop\u00f3sito de levar conectividade \u00e0 Internet para as Reservas. As comunidades ind\u00edgenas t\u00eam sofrido com a falta de infraestrutura, especialmente Internet, e mesmo quando algumas op\u00e7\u00f5es est\u00e3o dispon\u00edveis, pessoas de baixa renda t\u00eam dificuldade para pagar pela conectividade devido aos pre\u00e7os. A falta de tecnologia adequada, conex\u00f5es defeituosas e projetos de banda larga subfinanciados contribu\u00edram para que 65,2% das fam\u00edlias nas reservas das Primeiras Na\u00e7\u00f5es (no Canad\u00e1) n\u00e3o tivessem acesso ao servi\u00e7o universal. De acordo com a Estrat\u00e9gia de Banda Larga de Alberta de 2022, 80% das comunidades ind\u00edgenas n\u00e3o t\u00eam acesso \u00e0 Internet nas velocidades-alvo.<\/p><p>Para resolver esse problema, um brilhante tecn\u00f3logo e engenheiro, que tamb\u00e9m \u00e9 membro das 1st Nations, trabalhou por uma d\u00e9cada com uma equipe incr\u00edvel para projetar e implementar as tecnologias h\u00edbridas e de sat\u00e9lite que agora permitem o lan\u00e7amento desses Internet Pods individuais. Tamb\u00e9m h\u00e1 vers\u00f5es maiores (em breve) para resid\u00eancias e at\u00e9 mesmo um Super-Pod que pode cobrir uma Reserva inteira. Embora o \u00edmpeto fosse dar suporte aos povos ind\u00edgenas, essa tecnologia \u00e9 t\u00e3o importante que est\u00e1 sendo lan\u00e7ada para o mundo inteiro. Uma parte de todas as vendas e taxas mensais de servi\u00e7o v\u00e3o para dar suporte \u00e0s necessidades dos povos ind\u00edgenas globalmente.<\/p>\t\t\t\t\t\t\t\t<\/div>\n\t\t\t\t<\/div>\n\t\t\t\t\t<\/div>\n\t\t<\/div>\n\t\t\t\t\t<\/div>\n\t\t<\/section>\n\t\t\t\t<section class=\"elementor-section elementor-top-section elementor-element elementor-element-6db35362 elementor-section-boxed elementor-section-height-default elementor-section-height-default\" data-id=\"6db35362\" data-element_type=\"section\">\n\t\t\t\t\t\t<div class=\"elementor-container elementor-column-gap-default\">\n\t\t\t\t\t<div class=\"elementor-column elementor-col-100 elementor-top-column elementor-element elementor-element-1a5093f7\" data-id=\"1a5093f7\" data-element_type=\"column\">\n\t\t\t<div class=\"elementor-widget-wrap elementor-element-populated\">\n\t\t\t\t\t\t<div class=\"elementor-element elementor-element-4c901df elementor-widget elementor-widget-heading\" data-id=\"4c901df\" data-element_type=\"widget\" data-widget_type=\"heading.default\">\n\t\t\t\t<div class=\"elementor-widget-container\">\n\t\t\t\t\t<h1 class=\"elementor-heading-title elementor-size-default\">A diferen\u00e7a do L.O.V.E. Pod<\/h1>\t\t\t\t<\/div>\n\t\t\t\t<\/div>\n\t\t\t\t<div class=\"elementor-element elementor-element-3a78c7f4 elementor-widget elementor-widget-heading\" data-id=\"3a78c7f4\" data-element_type=\"widget\" data-widget_type=\"heading.default\">\n\t\t\t\t<div class=\"elementor-widget-container\">\n\t\t\t\t\t<h4 class=\"elementor-heading-title elementor-size-default\">Fique seguro, protegido e conectado<\/h4>\t\t\t\t<\/div>\n\t\t\t\t<\/div>\n\t\t\t\t<div class=\"elementor-element elementor-element-53aa3a2a elementor-widget elementor-widget-image\" data-id=\"53aa3a2a\" data-element_type=\"widget\" data-widget_type=\"image.default\">\n\t\t\t\t<div class=\"elementor-widget-container\">\n\t\t\t\t\t\t\t\t\t\t\t\t\t\t\t<img decoding=\"async\" width=\"800\" height=\"70\" src=\"https:\/\/taihelovepods.com\/wp-content\/uploads\/2024\/06\/reason1-1024x89.png\" class=\"attachment-large size-large wp-image-3107\" alt=\"\" srcset=\"https:\/\/taihelovepods.com\/wp-content\/uploads\/2024\/06\/reason1-1024x89.png 1024w, https:\/\/taihelovepods.com\/wp-content\/uploads\/2024\/06\/reason1-300x26.png 300w, https:\/\/taihelovepods.com\/wp-content\/uploads\/2024\/06\/reason1-768x67.png 768w, https:\/\/taihelovepods.com\/wp-content\/uploads\/2024\/06\/reason1-1320x114.png 1320w, https:\/\/taihelovepods.com\/wp-content\/uploads\/2024\/06\/reason1-600x52.png 600w, https:\/\/taihelovepods.com\/wp-content\/uploads\/2024\/06\/reason1.png 1455w\" sizes=\"(max-width: 800px) 100vw, 800px\" \/>\t\t\t\t\t\t\t\t\t\t\t\t\t\t\t<\/div>\n\t\t\t\t<\/div>\n\t\t\t\t\t<\/div>\n\t\t<\/div>\n\t\t\t\t\t<\/div>\n\t\t<\/section>\n\t\t\t\t<section class=\"elementor-section elementor-top-section elementor-element elementor-element-4fc2d41 elementor-section-boxed elementor-section-height-default elementor-section-height-default\" data-id=\"4fc2d41\" data-element_type=\"section\">\n\t\t\t\t\t\t<div class=\"elementor-container elementor-column-gap-default\">\n\t\t\t\t\t<div class=\"elementor-column elementor-col-50 elementor-top-column elementor-element elementor-element-11124e40\" data-id=\"11124e40\" data-element_type=\"column\">\n\t\t\t<div class=\"elementor-widget-wrap elementor-element-populated\">\n\t\t\t\t\t\t<div class=\"elementor-element elementor-element-2466abd3 elementor-widget elementor-widget-heading\" data-id=\"2466abd3\" data-element_type=\"widget\" data-widget_type=\"heading.default\">\n\t\t\t\t<div class=\"elementor-widget-container\">\n\t\t\t\t\t<h4 class=\"elementor-heading-title elementor-size-default\">SEGURAN\u00c7A<\/h4>\t\t\t\t<\/div>\n\t\t\t\t<\/div>\n\t\t\t\t<div class=\"elementor-element elementor-element-55e925e2 elementor-widget elementor-widget-text-editor\" data-id=\"55e925e2\" data-element_type=\"widget\" data-widget_type=\"text-editor.default\">\n\t\t\t\t<div class=\"elementor-widget-container\">\n\t\t\t\t\t\t\t\t\t<p>O L.O.V.E. Pod \u00e9 altamente criptografado contra todos os tipos de ataques digitais, oferecendo a m\u00e1xima prote\u00e7\u00e3o em privacidade de dados. Voc\u00ea n\u00e3o \u00e9 mais rastreado e seus dados nunca s\u00e3o vendidos, mantendo sua identidade segura.\u00a0<\/p><p>Todas as conex\u00f5es funcionam automaticamente por meio de uma VPN global altamente segura que usa o L.O.V.E. dual Blockchain (CubeChain), mantendo seu hist\u00f3rico de navega\u00e7\u00e3o, localiza\u00e7\u00e3o e dados longe de olhares curiosos.<\/p>\t\t\t\t\t\t\t\t<\/div>\n\t\t\t\t<\/div>\n\t\t\t\t\t<\/div>\n\t\t<\/div>\n\t\t\t\t<div class=\"elementor-column elementor-col-50 elementor-top-column elementor-element elementor-element-145ec00e\" data-id=\"145ec00e\" data-element_type=\"column\">\n\t\t\t<div class=\"elementor-widget-wrap elementor-element-populated\">\n\t\t\t\t\t\t<div class=\"elementor-element elementor-element-28fb5322 elementor-widget elementor-widget-heading\" data-id=\"28fb5322\" data-element_type=\"widget\" data-widget_type=\"heading.default\">\n\t\t\t\t<div class=\"elementor-widget-container\">\n\t\t\t\t\t<h4 class=\"elementor-heading-title elementor-size-default\">CONECTIVIDADE<\/h4>\t\t\t\t<\/div>\n\t\t\t\t<\/div>\n\t\t\t\t<div class=\"elementor-element elementor-element-c5bd034 elementor-widget elementor-widget-text-editor\" data-id=\"c5bd034\" data-element_type=\"widget\" data-widget_type=\"text-editor.default\">\n\t\t\t\t<div class=\"elementor-widget-container\">\n\t\t\t\t\t\t\t\t\t<p>Para manter seu sinal na velocidade ideal, <em>sem taxas de roaming<\/em> (sempre), o L.O.V.E. Pod se conecta ao sinal mais forte dispon\u00edvel, em v\u00e1rias operadoras e sistemas de transporte (4g \/ Sat\u00e9lite \/ MESH). Mantenha uma conex\u00e3o perfeita em zonas mortas. Ele s\u00f3 procura uma conex\u00e3o de sat\u00e9lite quando necess\u00e1rio, permitindo que o provedor de servi\u00e7os cobre muito menos do que as op\u00e7\u00f5es somente de sat\u00e9lite e mantenha as velocidades o mais r\u00e1pidas poss\u00edvel. \u00c0 medida que mais Pods forem ativados em MESH, mais r\u00e1pido ser\u00e1 o servi\u00e7o.<\/p>\t\t\t\t\t\t\t\t<\/div>\n\t\t\t\t<\/div>\n\t\t\t\t\t<\/div>\n\t\t<\/div>\n\t\t\t\t\t<\/div>\n\t\t<\/section>\n\t\t\t\t<section class=\"elementor-section elementor-top-section elementor-element elementor-element-30ce5ef5 elementor-section-boxed elementor-section-height-default elementor-section-height-default\" data-id=\"30ce5ef5\" data-element_type=\"section\">\n\t\t\t\t\t\t<div class=\"elementor-container elementor-column-gap-default\">\n\t\t\t\t\t<div class=\"elementor-column elementor-col-100 elementor-top-column elementor-element elementor-element-5e250b5b\" data-id=\"5e250b5b\" data-element_type=\"column\">\n\t\t\t<div class=\"elementor-widget-wrap elementor-element-populated\">\n\t\t\t\t\t\t<section class=\"elementor-section elementor-inner-section elementor-element elementor-element-60eff3d0 elementor-section-boxed elementor-section-height-default elementor-section-height-default\" data-id=\"60eff3d0\" data-element_type=\"section\">\n\t\t\t\t\t\t<div class=\"elementor-container elementor-column-gap-default\">\n\t\t\t\t\t<div class=\"elementor-column elementor-col-50 elementor-inner-column elementor-element elementor-element-1b5264c2\" data-id=\"1b5264c2\" data-element_type=\"column\">\n\t\t\t<div class=\"elementor-widget-wrap elementor-element-populated\">\n\t\t\t\t\t\t<div class=\"elementor-element elementor-element-6579cfbb elementor-widget elementor-widget-heading\" data-id=\"6579cfbb\" data-element_type=\"widget\" data-widget_type=\"heading.default\">\n\t\t\t\t<div class=\"elementor-widget-container\">\n\t\t\t\t\t<h4 class=\"elementor-heading-title elementor-size-default\">DUAL BLOCKCHAIN \u200b\u200bCRIPTOGRAFADO<\/h4>\t\t\t\t<\/div>\n\t\t\t\t<\/div>\n\t\t\t\t<div class=\"elementor-element elementor-element-23aa5d66 elementor-widget elementor-widget-image\" data-id=\"23aa5d66\" data-element_type=\"widget\" data-widget_type=\"image.default\">\n\t\t\t\t<div class=\"elementor-widget-container\">\n\t\t\t\t\t\t\t\t\t\t\t\t\t\t\t<img loading=\"lazy\" decoding=\"async\" width=\"300\" height=\"228\" src=\"https:\/\/taihelovepods.com\/wp-content\/uploads\/2024\/06\/vpnb-300x228.png\" class=\"attachment-medium size-medium wp-image-3119\" alt=\"\" srcset=\"https:\/\/taihelovepods.com\/wp-content\/uploads\/2024\/06\/vpnb-300x228.png 300w, https:\/\/taihelovepods.com\/wp-content\/uploads\/2024\/06\/vpnb.png 552w\" sizes=\"(max-width: 300px) 100vw, 300px\" \/>\t\t\t\t\t\t\t\t\t\t\t\t\t\t\t<\/div>\n\t\t\t\t<\/div>\n\t\t\t\t\t<\/div>\n\t\t<\/div>\n\t\t\t\t<div class=\"elementor-column elementor-col-50 elementor-inner-column elementor-element elementor-element-46ec57ef\" data-id=\"46ec57ef\" data-element_type=\"column\">\n\t\t\t<div class=\"elementor-widget-wrap elementor-element-populated\">\n\t\t\t\t\t\t<div class=\"elementor-element elementor-element-b5d73fd elementor-widget elementor-widget-heading\" data-id=\"b5d73fd\" data-element_type=\"widget\" data-widget_type=\"heading.default\">\n\t\t\t\t<div class=\"elementor-widget-container\">\n\t\t\t\t\t<h4 class=\"elementor-heading-title elementor-size-default\">REDE GLOBAL MESH L.O.V.E.<\/h4>\t\t\t\t<\/div>\n\t\t\t\t<\/div>\n\t\t\t\t<div class=\"elementor-element elementor-element-13fc2c10 elementor-widget__width-initial elementor-widget elementor-widget-image\" data-id=\"13fc2c10\" data-element_type=\"widget\" data-widget_type=\"image.default\">\n\t\t\t\t<div class=\"elementor-widget-container\">\n\t\t\t\t\t\t\t\t\t\t\t\t\t\t\t<img loading=\"lazy\" decoding=\"async\" width=\"300\" height=\"246\" src=\"https:\/\/taihelovepods.com\/wp-content\/uploads\/2024\/06\/mesh-300x246.png\" class=\"attachment-medium size-medium wp-image-3120\" alt=\"\" srcset=\"https:\/\/taihelovepods.com\/wp-content\/uploads\/2024\/06\/mesh-300x246.png 300w, https:\/\/taihelovepods.com\/wp-content\/uploads\/2024\/06\/mesh.png 307w\" sizes=\"(max-width: 300px) 100vw, 300px\" \/>\t\t\t\t\t\t\t\t\t\t\t\t\t\t\t<\/div>\n\t\t\t\t<\/div>\n\t\t\t\t\t<\/div>\n\t\t<\/div>\n\t\t\t\t\t<\/div>\n\t\t<\/section>\n\t\t\t\t\t<\/div>\n\t\t<\/div>\n\t\t\t\t\t<\/div>\n\t\t<\/section>\n\t\t\t\t<section class=\"elementor-section elementor-top-section elementor-element elementor-element-4a9ed7a elementor-section-boxed elementor-section-height-default elementor-section-height-default\" data-id=\"4a9ed7a\" data-element_type=\"section\">\n\t\t\t\t\t\t<div class=\"elementor-container elementor-column-gap-default\">\n\t\t\t\t\t<div class=\"elementor-column elementor-col-100 elementor-top-column elementor-element elementor-element-bd38341\" data-id=\"bd38341\" data-element_type=\"column\">\n\t\t\t<div class=\"elementor-widget-wrap elementor-element-populated\">\n\t\t\t\t\t\t<div class=\"elementor-element elementor-element-ccbe569 elementor-widget elementor-widget-heading\" data-id=\"ccbe569\" data-element_type=\"widget\" data-widget_type=\"heading.default\">\n\t\t\t\t<div class=\"elementor-widget-container\">\n\t\t\t\t\t<h1 class=\"elementor-heading-title elementor-size-default\">Informa\u00e7\u00f5es importantes sobre o lan\u00e7amento inicial<\/h1>\t\t\t\t<\/div>\n\t\t\t\t<\/div>\n\t\t\t\t\t<\/div>\n\t\t<\/div>\n\t\t\t\t\t<\/div>\n\t\t<\/section>\n\t\t\t\t<section class=\"elementor-section elementor-top-section elementor-element elementor-element-1e59d00 elementor-section-boxed elementor-section-height-default elementor-section-height-default\" data-id=\"1e59d00\" data-element_type=\"section\">\n\t\t\t\t\t\t<div class=\"elementor-container elementor-column-gap-default\">\n\t\t\t\t\t<div class=\"elementor-column elementor-col-50 elementor-top-column elementor-element elementor-element-b22806c\" data-id=\"b22806c\" data-element_type=\"column\">\n\t\t\t<div class=\"elementor-widget-wrap elementor-element-populated\">\n\t\t\t\t\t\t<div class=\"elementor-element elementor-element-ce5d94c elementor-widget elementor-widget-text-editor\" data-id=\"ce5d94c\" data-element_type=\"widget\" data-widget_type=\"text-editor.default\">\n\t\t\t\t<div class=\"elementor-widget-container\">\n\t\t\t\t\t\t\t\t\t<p>Se voc\u00ea estiver entre as primeiras pessoas a ter um Pod, eles funcionam como uma Rede Mesh, o que significa que quanto mais houver, mais r\u00e1pido e forte o sinal de todos se tornar\u00e1. Embora seu Pod comece com um pequeno grupo, ele funcionar\u00e1 rapidamente e confortavelmente para mais de 95% de voc\u00eas. E ele s\u00f3 ficar\u00e1 mais forte e r\u00e1pido. A mesma tecnologia (chipsets para acesso mesh e via sat\u00e9lite quando necess\u00e1rio) \u00e9 usada nos Pods de 2\u00aa gera\u00e7\u00e3o.<\/p><p>Se voc\u00ea encontrar um local com pouca ou nenhuma conectividade, entre <a href=\"https:\/\/taihelovepods.com\/pt\/contact\/\">em contato conosco<\/a> e nossa operadora poder\u00e1 ajudar a melhorar o sinal na \u00e1rea. Nossos dispositivos de 2\u00aa gera\u00e7\u00e3o ter\u00e3o uma conex\u00e3o melhor e mais r\u00e1pida. At\u00e9 agora, aproximadamente 1 em cada 30 Pods de teste (de 100) teve um problema de conectividade, geralmente em vales; \u00e0 medida que mais Pods e Mesh forem lan\u00e7ados, esses problemas ser\u00e3o resolvidos por meio do crescimento da rede.\u00a0\u00a0<\/p><p>Esta \u00e9 uma rede verdadeiramente nova, limpa (sem 5G), extra privada, segura e criptografada. Como adotantes iniciais, voc\u00eas est\u00e3o ajudando a semear esta rede. Cada Pod \u00e9 como adicionar uma torre de celular, transmissor e receptor \u00e0 rede. Se voc\u00ea estiver nos 5% ou mais que t\u00eam um problema com o Pod, voc\u00ea pode devolv\u00ea-lo para um reembolso total, se estiver nos 95%, voc\u00ea est\u00e1 construindo uma nova rede incr\u00edvel, e todos n\u00f3s agradecemos.<\/p>\t\t\t\t\t\t\t\t<\/div>\n\t\t\t\t<\/div>\n\t\t\t\t\t<\/div>\n\t\t<\/div>\n\t\t\t\t<div class=\"elementor-column elementor-col-50 elementor-top-column elementor-element elementor-element-ca5bca0\" data-id=\"ca5bca0\" data-element_type=\"column\">\n\t\t\t<div class=\"elementor-widget-wrap elementor-element-populated\">\n\t\t\t\t\t\t<div class=\"elementor-element elementor-element-43ba7f6 elementor-widget elementor-widget-text-editor\" data-id=\"43ba7f6\" data-element_type=\"widget\" data-widget_type=\"text-editor.default\">\n\t\t\t\t<div class=\"elementor-widget-container\">\n\t\t\t\t\t\t\t\t\t<p>N\u00f3s enviamos por via terrestre usando USPS nos Estados Unidos. Deve levar apenas 4 dias \u00fateis, descobrimos que pode demorar um pouco mais, at\u00e9 uma semana. O envio para o Canad\u00e1 \u00e9 uma espera mais longa e mais caro. Quando um pedido chega, n\u00f3s o enviamos o mais r\u00e1pido poss\u00edvel, n\u00e3o mais do que 3 dias, ent\u00e3o esteja ciente de que a entrega pode variar entre 1 e 2 semanas nos EUA, ou mais para o Canad\u00e1.<\/p>\t\t\t\t\t\t\t\t<\/div>\n\t\t\t\t<\/div>\n\t\t\t\t<div class=\"elementor-element elementor-element-0d636f3 elementor-widget elementor-widget-image\" data-id=\"0d636f3\" data-element_type=\"widget\" data-widget_type=\"image.default\">\n\t\t\t\t<div class=\"elementor-widget-container\">\n\t\t\t\t\t\t\t\t\t\t\t\t\t\t\t<img loading=\"lazy\" decoding=\"async\" width=\"600\" height=\"487\" src=\"https:\/\/taihelovepods.com\/wp-content\/uploads\/2024\/06\/L.O.V.E-Baby-Pods2-600x487.png\" class=\"attachment-woocommerce_single size-woocommerce_single wp-image-2522\" alt=\"\" srcset=\"https:\/\/taihelovepods.com\/wp-content\/uploads\/2024\/06\/L.O.V.E-Baby-Pods2-600x487.png 600w, https:\/\/taihelovepods.com\/wp-content\/uploads\/2024\/06\/L.O.V.E-Baby-Pods2-300x244.png 300w, https:\/\/taihelovepods.com\/wp-content\/uploads\/2024\/06\/L.O.V.E-Baby-Pods2-1024x832.png 1024w, https:\/\/taihelovepods.com\/wp-content\/uploads\/2024\/06\/L.O.V.E-Baby-Pods2-768x624.png 768w, https:\/\/taihelovepods.com\/wp-content\/uploads\/2024\/06\/L.O.V.E-Baby-Pods2.png 1236w\" sizes=\"(max-width: 600px) 100vw, 600px\" \/>\t\t\t\t\t\t\t\t\t\t\t\t\t\t\t<\/div>\n\t\t\t\t<\/div>\n\t\t\t\t\t<\/div>\n\t\t<\/div>\n\t\t\t\t\t<\/div>\n\t\t<\/section>\n\t\t\t\t<section class=\"elementor-section elementor-top-section elementor-element elementor-element-9780bab elementor-section-boxed elementor-section-height-default elementor-section-height-default\" data-id=\"9780bab\" data-element_type=\"section\">\n\t\t\t\t\t\t<div class=\"elementor-container elementor-column-gap-default\">\n\t\t\t\t\t<div class=\"elementor-column elementor-col-100 elementor-top-column elementor-element elementor-element-b3a244c\" data-id=\"b3a244c\" data-element_type=\"column\">\n\t\t\t<div class=\"elementor-widget-wrap elementor-element-populated\">\n\t\t\t\t\t\t<section class=\"elementor-section elementor-inner-section elementor-element elementor-element-a0f32c2 elementor-section-boxed elementor-section-height-default elementor-section-height-default\" data-id=\"a0f32c2\" data-element_type=\"section\">\n\t\t\t\t\t\t<div class=\"elementor-container elementor-column-gap-default\">\n\t\t\t\t\t<div class=\"elementor-column elementor-col-50 elementor-inner-column elementor-element elementor-element-9a09183\" data-id=\"9a09183\" data-element_type=\"column\">\n\t\t\t<div class=\"elementor-widget-wrap elementor-element-populated\">\n\t\t\t\t\t\t<div class=\"elementor-element elementor-element-82fb21f elementor-widget elementor-widget-image\" data-id=\"82fb21f\" data-element_type=\"widget\" data-widget_type=\"image.default\">\n\t\t\t\t<div class=\"elementor-widget-container\">\n\t\t\t\t\t\t\t\t\t\t\t\t\t\t\t<img loading=\"lazy\" decoding=\"async\" width=\"667\" height=\"200\" src=\"https:\/\/taihelovepods.com\/wp-content\/uploads\/2024\/03\/lgn2.png\" class=\"attachment-medium_large size-medium_large wp-image-1854\" alt=\"\" srcset=\"https:\/\/taihelovepods.com\/wp-content\/uploads\/2024\/03\/lgn2.png 667w, https:\/\/taihelovepods.com\/wp-content\/uploads\/2024\/03\/lgn2-300x90.png 300w, https:\/\/taihelovepods.com\/wp-content\/uploads\/2024\/03\/lgn2-600x180.png 600w\" sizes=\"(max-width: 667px) 100vw, 667px\" \/>\t\t\t\t\t\t\t\t\t\t\t\t\t\t\t<\/div>\n\t\t\t\t<\/div>\n\t\t\t\t<div class=\"elementor-element elementor-element-40a3400 elementor-widget elementor-widget-video\" data-id=\"40a3400\" data-element_type=\"widget\" data-settings=\"{&quot;youtube_url&quot;:&quot;https:\\\/\\\/youtu.be\\\/3YhMFXX8AkU&quot;,&quot;video_type&quot;:&quot;youtube&quot;,&quot;controls&quot;:&quot;yes&quot;}\" data-widget_type=\"video.default\">\n\t\t\t\t<div class=\"elementor-widget-container\">\n\t\t\t\t\t\t\t<div class=\"elementor-wrapper elementor-open-inline\">\n\t\t\t<div class=\"elementor-video\"><\/div>\t\t<\/div>\n\t\t\t\t\t\t<\/div>\n\t\t\t\t<\/div>\n\t\t\t\t\t<\/div>\n\t\t<\/div>\n\t\t\t\t<div class=\"elementor-column elementor-col-50 elementor-inner-column elementor-element elementor-element-af3c0c3\" data-id=\"af3c0c3\" data-element_type=\"column\">\n\t\t\t<div class=\"elementor-widget-wrap elementor-element-populated\">\n\t\t\t\t\t\t<div class=\"elementor-element elementor-element-052fdb7 elementor-widget elementor-widget-text-editor\" data-id=\"052fdb7\" data-element_type=\"widget\" data-widget_type=\"text-editor.default\">\n\t\t\t\t<div class=\"elementor-widget-container\">\n\t\t\t\t\t\t\t\t\t<p><strong>Custo e taxas do Pod:<\/strong><\/p><p>O L.O.V.E. Pod tem um custo de US$ 199,00 e inclui o cart\u00e3o SIM. Para oferecer o dispositivo a esse custo, taxas adicionais de envio e processamento do comerciante s\u00e3o adicionadas.<\/p><p><strong><span style=\"text-decoration: underline;\">Envio e manuseio:<\/span><\/strong> Para os EUA, h\u00e1 uma taxa de envio de $6,75. Para envio para locais no Canad\u00e1, o custo \u00e9 de $13,45<\/p><p><span style=\"text-decoration: underline;\"><strong>Taxa de processamento do comerciante:<\/strong><\/span> Uma taxa de aproximadamente 3,84% (US$ 6,95) \u00e9 adicionada.\u00a0<\/p><p>O total de taxas de envio e de comerciante para os EUA \u00e9 de US$ 13,60<\/p><p>O total de taxas de envio e de comerciante para o Canad\u00e1 \u00e9 de US$ 20,40<\/p>\t\t\t\t\t\t\t\t<\/div>\n\t\t\t\t<\/div>\n\t\t\t\t\t<\/div>\n\t\t<\/div>\n\t\t\t\t\t<\/div>\n\t\t<\/section>\n\t\t\t\t\t<\/div>\n\t\t<\/div>\n\t\t\t\t\t<\/div>\n\t\t<\/section>\n\t\t\t\t<\/div>","protected":false},"excerpt":{"rendered":"<p>About the Pods This is a technology developed by the 1st Nations, originally designed for the purpose of bringing Internet connectivity to the Reservations. Indigenous communities have suffered from a lack of infrastructure, especially Internet, and even when some options are available, lower-income people struggle to afford connectivity due to prices. Lack of adequate technology, [&hellip;]<\/p>","protected":false},"author":1,"featured_media":0,"parent":0,"menu_order":0,"comment_status":"closed","ping_status":"closed","template":"","meta":{"footnotes":""},"class_list":["post-99","page","type-page","status-publish","hentry"],"_links":{"self":[{"href":"https:\/\/taihelovepods.com\/pt\/wp-json\/wp\/v2\/pages\/99","targetHints":{"allow":["GET"]}}],"collection":[{"href":"https:\/\/taihelovepods.com\/pt\/wp-json\/wp\/v2\/pages"}],"about":[{"href":"https:\/\/taihelovepods.com\/pt\/wp-json\/wp\/v2\/types\/page"}],"author":[{"embeddable":true,"href":"https:\/\/taihelovepods.com\/pt\/wp-json\/wp\/v2\/users\/1"}],"replies":[{"embeddable":true,"href":"https:\/\/taihelovepods.com\/pt\/wp-json\/wp\/v2\/comments?post=99"}],"version-history":[{"count":34,"href":"https:\/\/taihelovepods.com\/pt\/wp-json\/wp\/v2\/pages\/99\/revisions"}],"predecessor-version":[{"id":3131,"href":"https:\/\/taihelovepods.com\/pt\/wp-json\/wp\/v2\/pages\/99\/revisions\/3131"}],"wp:attachment":[{"href":"https:\/\/taihelovepods.com\/pt\/wp-json\/wp\/v2\/media?parent=99"}],"curies":[{"name":"wp","href":"https:\/\/api.w.org\/{rel}","templated":true}]}}